{"id":1055,"date":"2025-03-30T12:46:28","date_gmt":"2025-03-30T10:46:28","guid":{"rendered":"https:\/\/lnstays.com?page_id=1055"},"modified":"2025-04-13T20:13:09","modified_gmt":"2025-04-13T18:13:09","slug":"il-territorio-2","status":"publish","type":"page","link":"https:\/\/lnstays.com\/?page_id=1055","title":{"rendered":"Il Territorio"},"content":{"rendered":"\t\t<div data-elementor-type=\"wp-page\" data-elementor-id=\"1055\" class=\"elementor elementor-1055\">\n\t\t\t\t<div class=\"elementor-element elementor-element-0c4cb1f e-flex e-con-boxed e-con e-parent\" data-id=\"0c4cb1f\" data-element_type=\"container\">\n\t\t\t\t\t<div class=\"e-con-inner\">\n\t\t\t\t<div class=\"elementor-element elementor-element-d3ea8ab elementor-widget elementor-widget-heading\" data-id=\"d3ea8ab\" data-element_type=\"widget\" data-widget_type=\"heading.default\">\n\t\t\t\t<div class=\"elementor-widget-container\">\n\t\t\t\t\t<h2 class=\"elementor-heading-title elementor-size-default\">Il Territorio<\/h2>\t\t\t\t<\/div>\n\t\t\t\t<\/div>\n\t\t\t\t<div class=\"elementor-element elementor-element-c49d2fd elementor-widget elementor-widget-spacer\" data-id=\"c49d2fd\" data-element_type=\"widget\" data-widget_type=\"spacer.default\">\n\t\t\t\t<div class=\"elementor-widget-container\">\n\t\t\t\t\t\t\t<div class=\"elementor-spacer\">\n\t\t\t<div class=\"elementor-spacer-inner\"><\/div>\n\t\t<\/div>\n\t\t\t\t\t\t<\/div>\n\t\t\t\t<\/div>\n\t\t\t\t\t<\/div>\n\t\t\t\t<\/div>\n\t\t<div class=\"elementor-element elementor-element-479f01c e-flex e-con-boxed e-con e-parent\" data-id=\"479f01c\" data-element_type=\"container\">\n\t\t\t\t\t<div class=\"e-con-inner\">\n\t\t<div class=\"elementor-element elementor-element-53d475b e-con-full e-flex e-con e-child\" data-id=\"53d475b\" data-element_type=\"container\">\n\t\t\t\t<div class=\"elementor-element elementor-element-fc1579d elementor-widget elementor-widget-heading\" data-id=\"fc1579d\" data-element_type=\"widget\" data-widget_type=\"heading.default\">\n\t\t\t\t<div class=\"elementor-widget-container\">\n\t\t\t\t\t<h2 class=\"elementor-heading-title elementor-size-default\">Catania: Un'energia vibrante sotto l'Etna<\/h2>\t\t\t\t<\/div>\n\t\t\t\t<\/div>\n\t\t\t\t<div class=\"elementor-element elementor-element-988dda6 elementor-widget elementor-widget-text-editor\" data-id=\"988dda6\" data-element_type=\"widget\" data-widget_type=\"text-editor.default\">\n\t\t\t\t<div class=\"elementor-widget-container\">\n\t\t\t\t\t\t\t\t\t<p><strong>Catania<\/strong>, una citt\u00e0 <strong>vivace<\/strong> e <strong>dinamica<\/strong>, \u00e8 il cuore pulsante della Sicilia orientale. Situata ai piedi del maestoso Monte Etna, il <strong>vulcano<\/strong> attivo <strong>pi\u00f9 grande d&#8217;Europa<\/strong>. La citt\u00e0 si distingue per la sua incredibile energia, che si riflette sia nella vita quotidiana che nella sua storia. Catania \u00e8 un affascinante mix di <strong>modernit\u00e0<\/strong> e <strong>tradizione<\/strong>, con un centro storico che incanta grazie alla sua <strong>architettura barocca<\/strong>, riconosciuta dall&#8217;<strong>UNESCO<\/strong> come patrimonio dell&#8217;umanit\u00e0. Passeggiando per le sue strade, si possono scoprire luoghi iconici come <strong>Piazza del Duomo<\/strong>, con la splendida <strong>Fontana dell&#8217;Elefante<\/strong>, simbolo della citt\u00e0, e la Cattedrale di <strong>Sant&#8217;Agata<\/strong>, un magnifico esempio di arte barocca. Ma Catania non \u00e8 solo storia: la citt\u00e0 \u00e8 famosa per la sua cucina, in particolare per i piatti a base di <strong>pesce fresco<\/strong>, gli <strong>arancini<\/strong> e la rinomata <strong>granita<\/strong>. Con il suo vivace mercato, la <strong>pescheria<\/strong>, e la movida che anima le serate, Catania \u00e8 una citt\u00e0 che non dorme mai, sempre pronta a sorprendere ad ogni angolo.<\/p>\t\t\t\t\t\t\t\t<\/div>\n\t\t\t\t<\/div>\n\t\t\t\t<\/div>\n\t\t<div class=\"elementor-element elementor-element-8479d9c e-con-full e-flex e-con e-child\" data-id=\"8479d9c\" data-element_type=\"container\" data-settings=\"{&quot;background_background&quot;:&quot;classic&quot;}\">\n\t\t\t\t<\/div>\n\t\t\t\t\t<\/div>\n\t\t\t\t<\/div>\n\t\t<div class=\"elementor-element elementor-element-1674c21 e-flex e-con-boxed e-con e-parent\" data-id=\"1674c21\" data-element_type=\"container\">\n\t\t\t\t\t<div class=\"e-con-inner\">\n\t\t<div class=\"elementor-element elementor-element-dc2b389 e-con-full e-flex e-con e-child\" data-id=\"dc2b389\" data-element_type=\"container\" data-settings=\"{&quot;background_background&quot;:&quot;classic&quot;}\">\n\t\t\t\t<\/div>\n\t\t<div class=\"elementor-element elementor-element-6f2a794 e-con-full e-flex e-con e-child\" data-id=\"6f2a794\" data-element_type=\"container\">\n\t\t\t\t<div class=\"elementor-element elementor-element-f507488 elementor-widget elementor-widget-heading\" data-id=\"f507488\" data-element_type=\"widget\" data-widget_type=\"heading.default\">\n\t\t\t\t<div class=\"elementor-widget-container\">\n\t\t\t\t\t<h2 class=\"elementor-heading-title elementor-size-default\">Etna: il gigante della Sicilia<\/h2>\t\t\t\t<\/div>\n\t\t\t\t<\/div>\n\t\t\t\t<div class=\"elementor-element elementor-element-ca3f98a elementor-widget elementor-widget-text-editor\" data-id=\"ca3f98a\" data-element_type=\"widget\" data-widget_type=\"text-editor.default\">\n\t\t\t\t<div class=\"elementor-widget-container\">\n\t\t\t\t\t\t\t\t\t<p><strong>L&#8217;Etna<\/strong>, il vulcano attivo pi\u00f9 grande d&#8217;Europa e uno dei pi\u00f9 imponenti del mondo, \u00e8 un vero e proprio <strong>simbolo<\/strong> della <strong>Sicilia<\/strong>. Con i suoi <strong>3.329 metri<\/strong> di altezza, l&#8217;Etna \u00e8 un paesaggio di straordinaria bellezza, ma anche di potente energia. Il vulcano si staglia imponente nel cielo della Sicilia orientale, ed \u00e8 il cuore pulsante di un territorio che racconta storie di terre fertili, di sfide tra l&#8217;uomo e la natura, e di leggende antiche. Durante l&#8217;inverno, l&#8217;Etna diventa anche un <strong>paradiso<\/strong> per gli amanti dello <strong>sci<\/strong>, con numerosi <strong>impianti di risalita<\/strong> e <strong>piste<\/strong> che ti permettono di scivolare sulle pendici del vulcano, circondato da un paesaggio davvero unico.<\/p>\t\t\t\t\t\t\t\t<\/div>\n\t\t\t\t<\/div>\n\t\t\t\t<\/div>\n\t\t\t\t\t<\/div>\n\t\t\t\t<\/div>\n\t\t<div class=\"elementor-element elementor-element-c7885ec e-flex e-con-boxed e-con e-parent\" data-id=\"c7885ec\" data-element_type=\"container\">\n\t\t\t\t\t<div class=\"e-con-inner\">\n\t\t<div class=\"elementor-element elementor-element-5ce815e e-con-full e-flex e-con e-child\" data-id=\"5ce815e\" data-element_type=\"container\">\n\t\t\t\t<div class=\"elementor-element elementor-element-0be5ed2 elementor-widget elementor-widget-heading\" data-id=\"0be5ed2\" data-element_type=\"widget\" data-widget_type=\"heading.default\">\n\t\t\t\t<div class=\"elementor-widget-container\">\n\t\t\t\t\t<h2 class=\"elementor-heading-title elementor-size-default\">Taormina: Un balcone sul mare<\/h2>\t\t\t\t<\/div>\n\t\t\t\t<\/div>\n\t\t\t\t<div class=\"elementor-element elementor-element-b144e1c elementor-widget elementor-widget-text-editor\" data-id=\"b144e1c\" data-element_type=\"widget\" data-widget_type=\"text-editor.default\">\n\t\t\t\t<div class=\"elementor-widget-container\">\n\t\t\t\t\t\t\t\t\t<p><strong>Taormina<\/strong> \u00e8 un angolo di paradiso, un gioiello della Sicilia che affascina i visitatori da secoli. Situata su una collina che domina il <strong>mare Ionio<\/strong>, la citt\u00e0 offre panorami mozzafiato e una combinazione perfetta di <strong>natura, arte e storia<\/strong>. Il suo <strong>Teatro Greco<\/strong>, uno dei pi\u00f9 famosi al mondo, incanta non solo per la sua <strong>bellezza architettonica<\/strong>, ma anche per la <strong>vista spettacolare<\/strong> sull&#8217;Etna e sul mare. Il <strong>Corso Umberto<\/strong>, la via principale di Taormina, \u00e8 costellato di negozi eleganti, caff\u00e8 e ristoranti dove gustare prelibatezze siciliane mentre si respira l&#8217;aria frizzante della costa. La citt\u00e0 \u00e8 anche famosa per i suoi giardini, come il <strong>Giardino<\/strong> della <strong>Villa Comunale<\/strong>, un angolo di tranquillit\u00e0 dove il verde lussureggiante si fonde con il panorama straordinario.<\/p>\t\t\t\t\t\t\t\t<\/div>\n\t\t\t\t<\/div>\n\t\t\t\t<\/div>\n\t\t<div class=\"elementor-element elementor-element-d2a1b0d e-con-full e-flex e-con e-child\" data-id=\"d2a1b0d\" data-element_type=\"container\" data-settings=\"{&quot;background_background&quot;:&quot;classic&quot;}\">\n\t\t\t\t<\/div>\n\t\t\t\t\t<\/div>\n\t\t\t\t<\/div>\n\t\t<div class=\"elementor-element elementor-element-b7dbf3a e-flex e-con-boxed e-con e-parent\" data-id=\"b7dbf3a\" data-element_type=\"container\">\n\t\t\t\t\t<div class=\"e-con-inner\">\n\t\t<div class=\"elementor-element elementor-element-a432c78 e-con-full e-flex e-con e-child\" data-id=\"a432c78\" data-element_type=\"container\" data-settings=\"{&quot;background_background&quot;:&quot;classic&quot;}\">\n\t\t\t\t<\/div>\n\t\t<div class=\"elementor-element elementor-element-f3d5bdc e-con-full e-flex e-con e-child\" data-id=\"f3d5bdc\" data-element_type=\"container\">\n\t\t\t\t<div class=\"elementor-element elementor-element-d510f30 elementor-widget elementor-widget-heading\" data-id=\"d510f30\" data-element_type=\"widget\" data-widget_type=\"heading.default\">\n\t\t\t\t<div class=\"elementor-widget-container\">\n\t\t\t\t\t<h2 class=\"elementor-heading-title elementor-size-default\">Siracusa: Storia e leggende sul mare<\/h2>\t\t\t\t<\/div>\n\t\t\t\t<\/div>\n\t\t\t\t<div class=\"elementor-element elementor-element-cf9d05d elementor-widget elementor-widget-text-editor\" data-id=\"cf9d05d\" data-element_type=\"widget\" data-widget_type=\"text-editor.default\">\n\t\t\t\t<div class=\"elementor-widget-container\">\n\t\t\t\t\t\t\t\t\t<p><strong>Siracusa<\/strong> \u00e8 una delle citt\u00e0 pi\u00f9 affascinanti della Sicilia, dove la storia si intreccia con il mito. <strong>Fondata dai Greci<\/strong>, Siracusa \u00e8 stata una delle citt\u00e0 pi\u00f9 potenti del mondo antico, e le sue vestigia raccontano storie di un passato glorioso. Il <strong>Parco Archeologico<\/strong> della <strong>Neapolis<\/strong>, con il suo <strong>Teatro Greco<\/strong> e la Latomia del Paradiso, \u00e8 una testimonianza straordinaria della grandezza della citt\u00e0. Ma Siracusa non \u00e8 solo un museo a cielo aperto: l\u2019isola di <strong>Ortigia<\/strong>, il cuore storico della citt\u00e0, \u00e8 un labirinto di vicoli e piazze che trasuda <strong>storia<\/strong> e <strong>fascino<\/strong>. Il <strong>Duomo<\/strong> di Siracusa, costruito su un antico <strong>tempio greco<\/strong>, \u00e8 uno degli esempi pi\u00f9 straordinari di architettura barocca, mentre il <strong>Fiume Ciane<\/strong> e la <strong>Fonte Aretusa<\/strong> aggiungono un tocco di mistero e bellezza naturale. Siracusa \u00e8 anche una citt\u00e0 di mare, famosa per le sue <strong>spiagge dorate<\/strong> e le <strong>acque cristalline<\/strong> che invitano al <strong>relax<\/strong> e alla scoperta di <strong>panorami mozzafiato<\/strong>.<\/p>\t\t\t\t\t\t\t\t<\/div>\n\t\t\t\t<\/div>\n\t\t\t\t<\/div>\n\t\t\t\t\t<\/div>\n\t\t\t\t<\/div>\n\t\t\t\t<\/div>\n\t\t","protected":false},"excerpt":{"rendered":"<p>Il Territorio Catania: Un&#8217;energia vibrante sotto l&#8217;Etna Catania, una citt\u00e0 vivace e dinamica, \u00e8 il cuore pulsante della Sicilia orientale. Situata ai piedi del maestoso Monte Etna, il vulcano attivo pi\u00f9 grande d&#8217;Europa. La citt\u00e0 si distingue per la sua incredibile energia, che si riflette sia nella vita quotidiana che nella sua storia. Catania \u00e8 [&hellip;]<\/p>\n","protected":false},"author":1,"featured_media":0,"parent":0,"menu_order":0,"comment_status":"closed","ping_status":"closed","template":"template-page-wide.php","meta":{"inline_featured_image":false,"footnotes":""},"class_list":["post-1055","page","type-page","status-publish","hentry"],"_links":{"self":[{"href":"https:\/\/lnstays.com\/index.php?rest_route=\/wp\/v2\/pages\/1055","targetHints":{"allow":["GET"]}}],"collection":[{"href":"https:\/\/lnstays.com\/index.php?rest_route=\/wp\/v2\/pages"}],"about":[{"href":"https:\/\/lnstays.com\/index.php?rest_route=\/wp\/v2\/types\/page"}],"author":[{"embeddable":true,"href":"https:\/\/lnstays.com\/index.php?rest_route=\/wp\/v2\/users\/1"}],"replies":[{"embeddable":true,"href":"https:\/\/lnstays.com\/index.php?rest_route=%2Fwp%2Fv2%2Fcomments&post=1055"}],"version-history":[{"count":23,"href":"https:\/\/lnstays.com\/index.php?rest_route=\/wp\/v2\/pages\/1055\/revisions"}],"predecessor-version":[{"id":1568,"href":"https:\/\/lnstays.com\/index.php?rest_route=\/wp\/v2\/pages\/1055\/revisions\/1568"}],"wp:attachment":[{"href":"https:\/\/lnstays.com\/index.php?rest_route=%2Fwp%2Fv2%2Fmedia&parent=1055"}],"curies":[{"name":"wp","href":"https:\/\/api.w.org\/{rel}","templated":true}]}}