{"id":1119,"date":"2025-04-08T22:32:10","date_gmt":"2025-04-08T20:32:10","guid":{"rendered":"https:\/\/lnstays.com?page_id=1119"},"modified":"2025-04-12T17:22:08","modified_gmt":"2025-04-12T15:22:08","slug":"homepage-2","status":"publish","type":"page","link":"https:\/\/lnstays.com\/","title":{"rendered":"Homepage"},"content":{"rendered":"\t\t<div data-elementor-type=\"wp-page\" data-elementor-id=\"1119\" class=\"elementor elementor-1119\">\n\t\t\t\t<div class=\"elementor-element elementor-element-fb168f2 e-con-full e-flex e-con e-parent\" data-id=\"fb168f2\" data-element_type=\"container\">\n\t\t\t\t<div class=\"elementor-element elementor-element-bc9368f elementor-widget__width-inherit elementor-widget elementor-widget-shortcode\" data-id=\"bc9368f\" data-element_type=\"widget\" data-widget_type=\"shortcode.default\">\n\t\t\t\t<div class=\"elementor-widget-container\">\n\t\t\t\t\t\t\t<div class=\"elementor-shortcode\"><\/div>\n\t\t\t\t\t\t<\/div>\n\t\t\t\t<\/div>\n\t\t\t\t<div class=\"elementor-element elementor-element-b3d2bee elementor-widget elementor-widget-spacer\" data-id=\"b3d2bee\" data-element_type=\"widget\" data-widget_type=\"spacer.default\">\n\t\t\t\t<div class=\"elementor-widget-container\">\n\t\t\t\t\t\t\t<div class=\"elementor-spacer\">\n\t\t\t<div class=\"elementor-spacer-inner\"><\/div>\n\t\t<\/div>\n\t\t\t\t\t\t<\/div>\n\t\t\t\t<\/div>\n\t\t\t\t<\/div>\n\t\t<div class=\"elementor-element elementor-element-fd1fe9d e-flex e-con-boxed e-con e-parent\" data-id=\"fd1fe9d\" data-element_type=\"container\">\n\t\t\t\t\t<div class=\"e-con-inner\">\n\t\t\t\t<div class=\"elementor-element elementor-element-3f70d12 elementor-widget elementor-widget-text-editor\" data-id=\"3f70d12\" data-element_type=\"widget\" data-widget_type=\"text-editor.default\">\n\t\t\t\t<div class=\"elementor-widget-container\">\n\t\t\t\t\t\t\t\t\t<p><span style=\"color: #8d0000;\">L<\/span>N <span style=\"color: #8d0000;\">S<\/span>TAYS<\/p>\t\t\t\t\t\t\t\t<\/div>\n\t\t\t\t<\/div>\n\t\t\t\t<div class=\"elementor-element elementor-element-8b6b496 elementor-widget elementor-widget-text-editor\" data-id=\"8b6b496\" data-element_type=\"widget\" data-widget_type=\"text-editor.default\">\n\t\t\t\t<div class=\"elementor-widget-container\">\n\t\t\t\t\t\t\t\t\t<p class=\"\" data-start=\"123\" data-end=\"468\">Le nostre <em><strong data-start=\"133\" data-end=\"146\">strutture<\/strong> <\/em>rappresentano il frutto di <em><strong data-start=\"174\" data-end=\"186\">passione<\/strong> <\/em>e <em><strong data-start=\"189\" data-end=\"202\">dedizione<\/strong><\/em>.<br data-start=\"203\" data-end=\"206\" \/>Per noi, l\u2019<em><strong data-start=\"217\" data-end=\"231\">ospitalit\u00e0<\/strong><\/em> non si limita a una semplice <em><strong data-start=\"261\" data-end=\"276\">accoglienza<\/strong><\/em>: \u00e8 un\u2019<em><strong data-start=\"283\" data-end=\"297\" data-is-only-node=\"\">esperienza<\/strong><\/em> autentica,<br \/>capace di lasciare un\u2019<em><strong data-start=\"331\" data-end=\"343\">impronta<\/strong><\/em> duratura. Ogni <em><strong data-start=\"359\" data-end=\"369\">ospite<\/strong> <\/em>\u00e8 per noi <em><strong data-start=\"380\" data-end=\"392\">speciale<\/strong><\/em>. <br \/>La tua <em><strong data-start=\"403\" data-end=\"417\">esperienza<\/strong> <\/em>\u00e8 al <em><strong data-start=\"423\" data-end=\"433\">centro<\/strong> <\/em>del nostro <strong data-start=\"445\" data-end=\"467\"><em>impegno<\/em> <em>quotidiano<\/em><\/strong>.<br \/>Che tu sia alla ricerca di <em><strong data-start=\"497\" data-end=\"506\">lusso<\/strong> <\/em>e <em><strong data-start=\"509\" data-end=\"520\">comfort<\/strong><\/em>, oppure preferisca un\u2019atmosfera pi\u00f9 <em><strong data-start=\"557\" data-end=\"567\">intima<\/strong> <\/em>e <em><strong data-start=\"570\" data-end=\"583\">rilassata<\/strong><\/em>,<br \/>la nostra offerta si distingue per un\u2019<em><strong data-start=\"623\" data-end=\"647\">ospitalit\u00e0 su misura<\/strong><\/em>, capace di soddisfare <em><strong data-start=\"670\" data-end=\"682\">desideri<\/strong> <\/em>e <em><strong data-start=\"685\" data-end=\"697\">esigenze<\/strong> <\/em>differenti.<br \/>Ogni <em><strong data-start=\"716\" data-end=\"729\">struttura<\/strong> <\/em>del nostro <em><strong data-start=\"741\" data-end=\"751\">gruppo<\/strong> <\/em>\u00e8 progettata per garantire <em><strong data-start=\"779\" data-end=\"804\">qualit\u00e0 del soggiorno<\/strong><\/em>,<br \/>unendo <em><strong data-start=\"813\" data-end=\"827\">tradizione<\/strong> <\/em>e <em><strong data-start=\"830\" data-end=\"845\">innovazione<\/strong> <\/em>per dar vita a <em><strong data-start=\"861\" data-end=\"873\">ambienti<\/strong> <\/em>che esprimono <em><strong data-start=\"888\" data-end=\"900\">eleganza<\/strong> <\/em>e <em><strong data-start=\"903\" data-end=\"913\">calore<\/strong><\/em>.<\/p><ul data-start=\"916\" data-end=\"1251\"><li class=\"\" data-start=\"916\" data-end=\"1084\"><p class=\"\" data-start=\"918\" data-end=\"1084\"><em><strong data-start=\"918\" data-end=\"931\">LN 5 Gate<\/strong><\/em>, situata a <em><strong data-start=\"943\" data-end=\"954\">Catania<\/strong><\/em>, \u00e8 una <em><strong data-start=\"962\" data-end=\"978\">casa vacanza<\/strong><\/em> moderna e <em><strong data-start=\"989\" data-end=\"1004\">accogliente<\/strong><\/em>, perfetta per esplorare le <strong data-start=\"1032\" data-end=\"1053\"><em>bellezze<\/em> <em>storiche<\/em><\/strong> e <em><strong data-start=\"1056\" data-end=\"1069\">culturali<\/strong> <\/em>della citt\u00e0.<\/p><\/li><li class=\"\" data-start=\"1085\" data-end=\"1251\"><p class=\"\" data-start=\"1087\" data-end=\"1251\"><em><strong>LN Etna House<\/strong><\/em> \u00e8 uno <em><strong data-start=\"1111\" data-end=\"1129\">chalet montano<\/strong><\/em>, <em><strong data-start=\"1131\" data-end=\"1143\">elegante<\/strong> <\/em>e <em><strong data-start=\"1146\" data-end=\"1159\">raffinato<\/strong><\/em> negli interni, che offre un <em><strong data-start=\"1188\" data-end=\"1206\">rifugio sereno<\/strong><\/em> immerso nei <em><strong data-start=\"1219\" data-end=\"1240\">paesaggi naturali<\/strong><\/em> del luogo.<\/p><\/li><\/ul>\t\t\t\t\t\t\t\t<\/div>\n\t\t\t\t<\/div>\n\t\t\t\t\t<\/div>\n\t\t\t\t<\/div>\n\t\t<div class=\"elementor-element elementor-element-fbe47fa e-flex e-con-boxed e-con e-parent\" data-id=\"fbe47fa\" data-element_type=\"container\">\n\t\t\t\t\t<div class=\"e-con-inner\">\n\t\t<div class=\"elementor-element elementor-element-6c3f452 e-con-full e-flex e-con e-child\" data-id=\"6c3f452\" data-element_type=\"container\">\n\t\t\t\t<div class=\"elementor-element elementor-element-10f4c30 elementor-widget elementor-widget-heading\" data-id=\"10f4c30\" data-element_type=\"widget\" data-widget_type=\"heading.default\">\n\t\t\t\t<div class=\"elementor-widget-container\">\n\t\t\t\t\t<h2 class=\"elementor-heading-title elementor-size-default\">LN 5 Gate<\/h2>\t\t\t\t<\/div>\n\t\t\t\t<\/div>\n\t\t\t\t<div class=\"elementor-element elementor-element-15b1c0d elementor-widget elementor-widget-text-editor\" data-id=\"15b1c0d\" data-element_type=\"widget\" data-widget_type=\"text-editor.default\">\n\t\t\t\t<div class=\"elementor-widget-container\">\n\t\t\t\t\t\t\t\t\t<p>Situata a Catania, \u00e8 una casa vacanza moderna e accogliente, ideale per esplorare le bellezze storiche e culturali della citt\u00e0.<\/p>\t\t\t\t\t\t\t\t<\/div>\n\t\t\t\t<\/div>\n\t\t\t\t<\/div>\n\t\t<div class=\"elementor-element elementor-element-abd1ad5 e-con-full e-flex e-con e-child\" data-id=\"abd1ad5\" data-element_type=\"container\" data-settings=\"{&quot;background_background&quot;:&quot;classic&quot;}\">\n\t\t\t\t<\/div>\n\t\t\t\t\t<\/div>\n\t\t\t\t<\/div>\n\t\t<div class=\"elementor-element elementor-element-de56f6c e-flex e-con-boxed e-con e-parent\" data-id=\"de56f6c\" data-element_type=\"container\">\n\t\t\t\t\t<div class=\"e-con-inner\">\n\t\t<div class=\"elementor-element elementor-element-b893cd9 e-con-full e-flex e-con e-child\" data-id=\"b893cd9\" data-element_type=\"container\" data-settings=\"{&quot;background_background&quot;:&quot;classic&quot;}\">\n\t\t\t\t<\/div>\n\t\t<div class=\"elementor-element elementor-element-3b9a5cb e-con-full e-flex e-con e-child\" data-id=\"3b9a5cb\" data-element_type=\"container\">\n\t\t\t\t<div class=\"elementor-element elementor-element-6141c9c elementor-widget elementor-widget-heading\" data-id=\"6141c9c\" data-element_type=\"widget\" data-widget_type=\"heading.default\">\n\t\t\t\t<div class=\"elementor-widget-container\">\n\t\t\t\t\t<h2 class=\"elementor-heading-title elementor-size-default\">LN Etna House<\/h2>\t\t\t\t<\/div>\n\t\t\t\t<\/div>\n\t\t\t\t<div class=\"elementor-element elementor-element-56378e1 elementor-widget elementor-widget-text-editor\" data-id=\"56378e1\" data-element_type=\"widget\" data-widget_type=\"text-editor.default\">\n\t\t\t\t<div class=\"elementor-widget-container\">\n\t\t\t\t\t\t\t\t\t<p>E&#8217; uno chalet montano, elegante e raffinato al suo interno, offre un rifugio sereno tra i paesaggi naturali del posto.<\/p>\t\t\t\t\t\t\t\t<\/div>\n\t\t\t\t<\/div>\n\t\t\t\t<\/div>\n\t\t\t\t\t<\/div>\n\t\t\t\t<\/div>\n\t\t<div class=\"elementor-element elementor-element-d83f5fc e-flex e-con-boxed e-con e-parent\" data-id=\"d83f5fc\" data-element_type=\"container\">\n\t\t\t\t\t<div class=\"e-con-inner\">\n\t\t\t\t<div class=\"elementor-element elementor-element-fc9cca1 elementor-widget elementor-widget-image\" data-id=\"fc9cca1\" data-element_type=\"widget\" data-widget_type=\"image.default\">\n\t\t\t\t<div class=\"elementor-widget-container\">\n\t\t\t\t\t\t\t\t\t\t\t\t\t\t\t<img fetchpriority=\"high\" decoding=\"async\" width=\"768\" height=\"559\" src=\"https:\/\/lnstays.com\/wp-content\/uploads\/2025\/03\/deluxe_g2_1-768x559.jpg\" class=\"attachment-medium_large size-medium_large wp-image-700\" alt=\"\" srcset=\"https:\/\/lnstays.com\/wp-content\/uploads\/2025\/03\/deluxe_g2_1-768x559.jpg 768w, https:\/\/lnstays.com\/wp-content\/uploads\/2025\/03\/deluxe_g2_1-300x218.jpg 300w, https:\/\/lnstays.com\/wp-content\/uploads\/2025\/03\/deluxe_g2_1-1024x745.jpg 1024w, https:\/\/lnstays.com\/wp-content\/uploads\/2025\/03\/deluxe_g2_1-1536x1118.jpg 1536w, https:\/\/lnstays.com\/wp-content\/uploads\/2025\/03\/deluxe_g2_1-2048x1490.jpg 2048w, https:\/\/lnstays.com\/wp-content\/uploads\/2025\/03\/deluxe_g2_1-1620x1179.jpg 1620w, https:\/\/lnstays.com\/wp-content\/uploads\/2025\/03\/deluxe_g2_1-412x300.jpg 412w\" sizes=\"(max-width: 768px) 100vw, 768px\" \/>\t\t\t\t\t\t\t\t\t\t\t\t\t\t\t<\/div>\n\t\t\t\t<\/div>\n\t\t\t\t<div class=\"elementor-element elementor-element-ee825f0 elementor-widget elementor-widget-text-editor\" data-id=\"ee825f0\" data-element_type=\"widget\" data-widget_type=\"text-editor.default\">\n\t\t\t\t<div class=\"elementor-widget-container\">\n\t\t\t\t\t\t\t\t\t<p><strong>LN 5 GATE<br \/><\/strong>A soli 200 metri dalla struttura, troverete anche una stazione della metro, perfetta per muovervi e esplorare ogni angolo della citt\u00e0. Inoltre, la struttura \u00e8 facilmente raggiungibile dall&#8217;aeroporto di Catania Fontanarossa. La sua posizione strategica \u00e8 uno dei motivi principali per cui gli ospiti amano questa struttura, sia che si tratti di viaggiatori per affari che di chi desidera scoprire a piedi una citt\u00e0 ricca di cultura, storia e tradizioni.<\/p>\t\t\t\t\t\t\t\t<\/div>\n\t\t\t\t<\/div>\n\t\t\t\t<div class=\"elementor-element elementor-element-3be0c53 elementor-widget elementor-widget-image\" data-id=\"3be0c53\" data-element_type=\"widget\" data-widget_type=\"image.default\">\n\t\t\t\t<div class=\"elementor-widget-container\">\n\t\t\t\t\t\t\t\t\t\t\t\t\t\t\t<img decoding=\"async\" width=\"768\" height=\"513\" src=\"https:\/\/lnstays.com\/wp-content\/uploads\/2025\/04\/PRIMAVERA-5-768x513.jpg\" class=\"attachment-medium_large size-medium_large wp-image-831\" alt=\"\" srcset=\"https:\/\/lnstays.com\/wp-content\/uploads\/2025\/04\/PRIMAVERA-5-768x513.jpg 768w, https:\/\/lnstays.com\/wp-content\/uploads\/2025\/04\/PRIMAVERA-5-300x200.jpg 300w, https:\/\/lnstays.com\/wp-content\/uploads\/2025\/04\/PRIMAVERA-5-1024x684.jpg 1024w, https:\/\/lnstays.com\/wp-content\/uploads\/2025\/04\/PRIMAVERA-5-1536x1025.jpg 1536w, https:\/\/lnstays.com\/wp-content\/uploads\/2025\/04\/PRIMAVERA-5-2048x1367.jpg 2048w, https:\/\/lnstays.com\/wp-content\/uploads\/2025\/04\/PRIMAVERA-5-1620x1082.jpg 1620w, https:\/\/lnstays.com\/wp-content\/uploads\/2025\/04\/PRIMAVERA-5-449x300.jpg 449w\" sizes=\"(max-width: 768px) 100vw, 768px\" \/>\t\t\t\t\t\t\t\t\t\t\t\t\t\t\t<\/div>\n\t\t\t\t<\/div>\n\t\t\t\t<div class=\"elementor-element elementor-element-0d0e6e2 elementor-widget elementor-widget-text-editor\" data-id=\"0d0e6e2\" data-element_type=\"widget\" data-widget_type=\"text-editor.default\">\n\t\t\t\t<div class=\"elementor-widget-container\">\n\t\t\t\t\t\t\t\t\t<p><strong>LN ETNA HOUSE<br \/><\/strong>Situata nel comune di Pedara, una pittoresca localit\u00e0 situata ai piedi del maestoso vulcano Etna, in Sicilia. Una delle principali caratteristiche di LN Etna House \u00e8 la sua posizione strategica. A circa 600 metri sul livello del mare, la struttura offre una vista panoramica spettacolare sul vulcano Etna e sui suoi paesaggi circostanti.Il rifugio perfetto per trascorrere momenti indimenticabili, che si tratti di un soggiorno romantico, di un evento speciale o di una vacanza con amici.<\/p>\t\t\t\t\t\t\t\t<\/div>\n\t\t\t\t<\/div>\n\t\t\t\t<div class=\"elementor-element elementor-element-31908d3 elementor-widget elementor-widget-heading\" data-id=\"31908d3\" data-element_type=\"widget\" data-widget_type=\"heading.default\">\n\t\t\t\t<div class=\"elementor-widget-container\">\n\t\t\t\t\t<h2 class=\"elementor-heading-title elementor-size-default\">Trovaci su Maps<\/h2>\t\t\t\t<\/div>\n\t\t\t\t<\/div>\n\t\t\t\t\t<\/div>\n\t\t\t\t<\/div>\n\t\t<div class=\"elementor-element elementor-element-f39fc7c e-flex e-con-boxed e-con e-parent\" data-id=\"f39fc7c\" data-element_type=\"container\">\n\t\t\t\t\t<div class=\"e-con-inner\">\n\t\t<div class=\"elementor-element elementor-element-25b460b e-con-full e-flex e-con e-child\" data-id=\"25b460b\" data-element_type=\"container\">\n\t\t<div class=\"elementor-element elementor-element-b684ff8 e-con-full e-flex e-con e-child\" data-id=\"b684ff8\" data-element_type=\"container\">\n\t\t\t\t<div class=\"elementor-element elementor-element-6a8723f elementor-widget elementor-widget-custif_iframe_widget\" data-id=\"6a8723f\" data-element_type=\"widget\" data-widget_type=\"custif_iframe_widget.default\">\n\t\t\t\t<div class=\"elementor-widget-container\">\n\t\t\t\t\t\t\t<div class=\"custif-iframe-wrapper\" id=\"custif-iframe-6a8723f\">\n\t\t\t\t\t\t\t\t\t\t\t\t<iframe src=\"https:\/\/www.google.com\/maps\/embed?pb=!1m18!1m12!1m3!1d3164.71722472672!2d15.094194476422562!3d37.514587027104376!2m3!1f0!2f0!3f0!3m2!1i1024!2i768!4f13.1!3m3!1m2!1s0x1313fd94d3ea119d%3A0x56e602bd1d1880e2!2sLN%205%20Gate!5e0!3m2!1sit!2sit!4v1742941183768!5m2!1sit!2sit\" width=\"600\" height=\"450\" style=\"border:0;\" allowfullscreen=\"\" loading=\"lazy\" referrerpolicy=\"no-referrer-when-downgrade\"><\/iframe>\t\t\t\t\t\t\t\t\t\t<\/div>\n\t\t\t\t\t\t<\/div>\n\t\t\t\t<\/div>\n\t\t\t\t<\/div>\n\t\t<div class=\"elementor-element elementor-element-0aaa1fa e-con-full e-flex e-con e-child\" data-id=\"0aaa1fa\" data-element_type=\"container\">\n\t\t\t\t<div class=\"elementor-element elementor-element-a5ea058 elementor-widget elementor-widget-custif_iframe_widget\" data-id=\"a5ea058\" data-element_type=\"widget\" data-widget_type=\"custif_iframe_widget.default\">\n\t\t\t\t<div class=\"elementor-widget-container\">\n\t\t\t\t\t\t\t<div class=\"custif-iframe-wrapper\" id=\"custif-iframe-a5ea058\">\n\t\t\t\t\t\t\t\t\t\t\t\t<iframe src=\"https:\/\/www.google.com\/maps\/embed?pb=!1m18!1m12!1m3!1d3158.954568675066!2d15.053901276427034!3d37.65027211932117!2m3!1f0!2f0!3f0!3m2!1i1024!2i768!4f13.1!3m3!1m2!1s0x1313ff3932c17557%3A0xb9c4adfa234dbfac!2sLN%20ETNA%20HOUSE!5e0!3m2!1sit!2sit!4v1742941268831!5m2!1sit!2sit\" width=\"600\" height=\"450\" style=\"border:0;\" allowfullscreen=\"\" loading=\"lazy\" referrerpolicy=\"no-referrer-when-downgrade\"><\/iframe>\t\t\t\t\t\t\t\t\t\t<\/div>\n\t\t\t\t\t\t<\/div>\n\t\t\t\t<\/div>\n\t\t\t\t<\/div>\n\t\t\t\t<\/div>\n\t\t\t\t\t<\/div>\n\t\t\t\t<\/div>\n\t\t<div class=\"elementor-element elementor-element-40e9f10 e-flex e-con-boxed e-con e-parent\" data-id=\"40e9f10\" data-element_type=\"container\" data-settings=\"{&quot;background_background&quot;:&quot;classic&quot;}\">\n\t\t\t\t\t<div class=\"e-con-inner\">\n\t\t\t\t<div class=\"elementor-element elementor-element-d0171f3 elementor-widget elementor-widget-heading\" data-id=\"d0171f3\" data-element_type=\"widget\" data-widget_type=\"heading.default\">\n\t\t\t\t<div class=\"elementor-widget-container\">\n\t\t\t\t\t<h2 class=\"elementor-heading-title elementor-size-default\">Newsletter<\/h2>\t\t\t\t<\/div>\n\t\t\t\t<\/div>\n\t\t\t\t<div class=\"elementor-element elementor-element-12de5e3 elementor-widget elementor-widget-shortcode\" data-id=\"12de5e3\" data-element_type=\"widget\" data-widget_type=\"shortcode.default\">\n\t\t\t\t<div class=\"elementor-widget-container\">\n\t\t\t\t\t\t\t<div class=\"elementor-shortcode\">\t\t\t<div class=\"an_mailchimp_wrapper\">\n\t\t\t\t\t\t\t\t<form action=\"\/index.php?rest_route=wpv2pages1119\"\n\t\t\t\t      data-id=\"an_sh_mailchimp_form_1\"\n\t\t\t\t      data-url=\"\/index.php?rest_route=wpv2pages1119\"\n\t\t\t\t      id=\"an_sh_mailchimp_form_1\" method=\"post\" class=\"mailchimp_form_placeholder \">\n\t\t\t\t\t\t\t\t\t\t\t\t<p>\n\t\t\t\t\t\t\t\t<label>\n\t\t\t\t\t\t\t\t\t<input placeholder=\"Nome\" type=\"text\" id=\"an_sh_mailchimp_first_name\" required name=\"an_sh_mailchimp_first_name\"\/>\n\t\t\t\t\t\t\t\t<\/label>\n\t\t\t\t\t\t\t<\/p>\n\t\t\t\t\t\t\t\t\t\t\t<input type=\"hidden\" name=\"widget_error\" value=\"error.\"\/>\n\t\t\t\t\t<input type=\"hidden\" name=\"widget_success\" value=\"Grazie per esserti iscritto.\"\/>\n\t\t\t\t\t<input type=\"hidden\" name=\"widget_id\" value=\"an_sh_mailchimp\"\/>\n\t\t\t\t\t<input type=\"hidden\" name=\"widget_number\" value=\"1\"\/>\n\t\t\t\t\t<input type=\"hidden\" name=\"mp_am_type\" value=\"shortcode\"\/>\n\t\t\t\t\t<input type=\"hidden\" name=\"shortcode_mailing_list_id\" value=\"91322363a0\"\/>\n\t\t\t\t\t\t\t\t\t\t\t<p>\n\t\t\t\t\t\t\t<label><input placeholder=\"E-mail\" required id=\"an_sh_mailchimp_email_1\" type=\"email\" name=\"an_sh_mailchimp_email\"\/><\/label>\n\t\t\t\t\t\t<\/p>\n\t\t\t\t\t\t\t\t\t\t<p><input class=\"mpam-submit button\" type=\"submit\" name=\"iscriviti\" value=\"Iscriviti\"\/><\/p>\n\t\t\t\t<\/form>\n\t\t\t<\/div>\n\t\t<\/div>\n\t\t\t\t\t\t<\/div>\n\t\t\t\t<\/div>\n\t\t\t\t\t<\/div>\n\t\t\t\t<\/div>\n\t\t<div class=\"elementor-element elementor-element-f196f42 e-flex e-con-boxed e-con e-parent\" data-id=\"f196f42\" data-element_type=\"container\">\n\t\t\t\t\t<div class=\"e-con-inner\">\n\t\t\t\t<div class=\"elementor-element elementor-element-2124543 elementor-widget elementor-widget-spacer\" data-id=\"2124543\" data-element_type=\"widget\" data-widget_type=\"spacer.default\">\n\t\t\t\t<div class=\"elementor-widget-container\">\n\t\t\t\t\t\t\t<div class=\"elementor-spacer\">\n\t\t\t<div class=\"elementor-spacer-inner\"><\/div>\n\t\t<\/div>\n\t\t\t\t\t\t<\/div>\n\t\t\t\t<\/div>\n\t\t\t\t\t<\/div>\n\t\t\t\t<\/div>\n\t\t\t\t<\/div>\n\t\t","protected":false},"excerpt":{"rendered":"<p>LN STAYS Le nostre strutture rappresentano il frutto di passione e dedizione.Per noi, l\u2019ospitalit\u00e0 non si limita a una semplice accoglienza: \u00e8 un\u2019esperienza autentica,capace di lasciare un\u2019impronta duratura. Ogni ospite \u00e8 per noi speciale. La tua esperienza \u00e8 al centro del nostro impegno quotidiano.Che tu sia alla ricerca di lusso e comfort, oppure preferisca un\u2019atmosfera [&hellip;]<\/p>\n","protected":false},"author":1,"featured_media":0,"parent":0,"menu_order":0,"comment_status":"closed","ping_status":"closed","template":"elementor_header_footer","meta":{"inline_featured_image":false,"footnotes":""},"class_list":["post-1119","page","type-page","status-publish","hentry"],"_links":{"self":[{"href":"https:\/\/lnstays.com\/index.php?rest_route=\/wp\/v2\/pages\/1119","targetHints":{"allow":["GET"]}}],"collection":[{"href":"https:\/\/lnstays.com\/index.php?rest_route=\/wp\/v2\/pages"}],"about":[{"href":"https:\/\/lnstays.com\/index.php?rest_route=\/wp\/v2\/types\/page"}],"author":[{"embeddable":true,"href":"https:\/\/lnstays.com\/index.php?rest_route=\/wp\/v2\/users\/1"}],"replies":[{"embeddable":true,"href":"https:\/\/lnstays.com\/index.php?rest_route=%2Fwp%2Fv2%2Fcomments&post=1119"}],"version-history":[{"count":43,"href":"https:\/\/lnstays.com\/index.php?rest_route=\/wp\/v2\/pages\/1119\/revisions"}],"predecessor-version":[{"id":1322,"href":"https:\/\/lnstays.com\/index.php?rest_route=\/wp\/v2\/pages\/1119\/revisions\/1322"}],"wp:attachment":[{"href":"https:\/\/lnstays.com\/index.php?rest_route=%2Fwp%2Fv2%2Fmedia&parent=1119"}],"curies":[{"name":"wp","href":"https:\/\/api.w.org\/{rel}","templated":true}]}}