{"id":1281,"date":"2025-04-11T22:45:13","date_gmt":"2025-04-11T20:45:13","guid":{"rendered":"https:\/\/lnstays.com?page_id=1281"},"modified":"2025-04-15T00:05:23","modified_gmt":"2025-04-14T22:05:23","slug":"ln-5-gate-offerte","status":"publish","type":"page","link":"https:\/\/lnstays.com\/?page_id=1281","title":{"rendered":"LN 5 Gate &#8211; Offerte"},"content":{"rendered":"\t\t<div data-elementor-type=\"wp-page\" data-elementor-id=\"1281\" class=\"elementor elementor-1281\">\n\t\t\t\t<div class=\"elementor-element elementor-element-9c9ea05 e-flex e-con-boxed e-con e-parent\" data-id=\"9c9ea05\" data-element_type=\"container\">\n\t\t\t\t\t<div class=\"e-con-inner\">\n\t\t\t\t<div class=\"elementor-element elementor-element-52272cd elementor-widget elementor-widget-heading\" data-id=\"52272cd\" data-element_type=\"widget\" data-widget_type=\"heading.default\">\n\t\t\t\t<div class=\"elementor-widget-container\">\n\t\t\t\t\t<h2 class=\"elementor-heading-title elementor-size-default\">Offerte<\/h2>\t\t\t\t<\/div>\n\t\t\t\t<\/div>\n\t\t\t\t\t<\/div>\n\t\t\t\t<\/div>\n\t\t<div class=\"elementor-element elementor-element-a47ffd3 e-flex e-con-boxed e-con e-parent\" data-id=\"a47ffd3\" data-element_type=\"container\">\n\t\t\t\t\t<div class=\"e-con-inner\">\n\t\t<div class=\"elementor-element elementor-element-977fe5b e-con-full e-flex e-con e-child\" data-id=\"977fe5b\" data-element_type=\"container\">\n\t\t\t\t<div class=\"elementor-element elementor-element-12cae24 elementor-widget elementor-widget-heading\" data-id=\"12cae24\" data-element_type=\"widget\" data-widget_type=\"heading.default\">\n\t\t\t\t<div class=\"elementor-widget-container\">\n\t\t\t\t\t<h2 class=\"elementor-heading-title elementor-size-default\">Soggiorno Business: Comfort e Servizi Premium<\/h2>\t\t\t\t<\/div>\n\t\t\t\t<\/div>\n\t\t\t\t<div class=\"elementor-element elementor-element-ff0142f elementor-widget elementor-widget-text-editor\" data-id=\"ff0142f\" data-element_type=\"widget\" data-widget_type=\"text-editor.default\">\n\t\t\t\t<div class=\"elementor-widget-container\">\n\t\t\t\t\t\t\t\t\t<p class=\"\" data-start=\"291\" data-end=\"564\">Sei in viaggio per lavoro e cerchi <strong data-start=\"326\" data-end=\"349\">il soggiorno ideale<\/strong> che unisca <strong data-start=\"361\" data-end=\"375\">efficienza<\/strong>, <strong data-start=\"377\" data-end=\"386\">relax<\/strong> e <strong data-start=\"389\" data-end=\"416\">servizi di alta qualit\u00e0<\/strong>?<br data-start=\"417\" data-end=\"420\" \/>La nostra <strong data-start=\"430\" data-end=\"450\">offerta business<\/strong> \u00e8 pensata su misura per i professionisti come te, che desiderano il massimo della comodit\u00e0 anche lontano da casa.<\/p><h5 data-start=\"566\" data-end=\"610\"><strong data-start=\"571\" data-end=\"610\">Cosa include il pacchetto Business:<\/strong><\/h5><ul data-start=\"612\" data-end=\"1117\"><li class=\"\" data-start=\"612\" data-end=\"759\"><p class=\"\" data-start=\"614\" data-end=\"759\"><strong data-start=\"618\" data-end=\"650\">Pernottamento personalizzato<\/strong> nella tipologia di camera preferita, per garantirti un <strong data-start=\"706\" data-end=\"725\">riposo ottimale<\/strong> e una <strong data-start=\"732\" data-end=\"756\">esperienza su misura<\/strong>.<\/p><\/li><li class=\"\" data-start=\"760\" data-end=\"963\"><p class=\"\" data-start=\"762\" data-end=\"963\"><strong data-start=\"766\" data-end=\"784\">Cena in camera<\/strong> con consegna da ristorante convenzionato locale: piatti gustosi realizzati con <strong data-start=\"864\" data-end=\"887\">ingredienti freschi<\/strong> e serviti direttamente in camera, per un momento di piacere senza stress.<\/p><\/li><li class=\"\" data-start=\"964\" data-end=\"1117\"><p class=\"\" data-start=\"966\" data-end=\"1117\"><strong data-start=\"969\" data-end=\"1004\">Wi-Fi gratuito ad alta velocit\u00e0<\/strong>, per rimanere sempre connesso e svolgere il tuo lavoro in totale tranquillit\u00e0, anche durante i momenti di relax.<\/p><\/li><\/ul><hr class=\"\" data-start=\"1119\" data-end=\"1122\" \/><p class=\"\" data-start=\"1124\" data-end=\"1360\">Prenota ora il tuo <strong data-start=\"1143\" data-end=\"1165\">soggiorno business<\/strong> e approfitta di un servizio esclusivo, progettato per rispondere alle esigenze di chi viaggia per motivi professionali, senza rinunciare al <strong data-start=\"1306\" data-end=\"1317\">comfort<\/strong>, al <strong data-start=\"1322\" data-end=\"1335\">benessere<\/strong> e alla <strong data-start=\"1343\" data-end=\"1359\">produttivit\u00e0<\/strong>.<\/p>\t\t\t\t\t\t\t\t<\/div>\n\t\t\t\t<\/div>\n\t\t\t\t<\/div>\n\t\t<div class=\"elementor-element elementor-element-32c041b e-con-full e-flex e-con e-child\" data-id=\"32c041b\" data-element_type=\"container\" data-settings=\"{&quot;background_background&quot;:&quot;classic&quot;}\">\n\t\t\t\t<\/div>\n\t\t\t\t\t<\/div>\n\t\t\t\t<\/div>\n\t\t<div class=\"elementor-element elementor-element-e94f544 e-flex e-con-boxed e-con e-parent\" data-id=\"e94f544\" data-element_type=\"container\">\n\t\t\t\t\t<div class=\"e-con-inner\">\n\t\t<div class=\"elementor-element elementor-element-d8af760 e-con-full e-flex e-con e-child\" data-id=\"d8af760\" data-element_type=\"container\" data-settings=\"{&quot;background_background&quot;:&quot;classic&quot;}\">\n\t\t\t\t<\/div>\n\t\t<div class=\"elementor-element elementor-element-c90f09f e-con-full e-flex e-con e-child\" data-id=\"c90f09f\" data-element_type=\"container\">\n\t\t\t\t<div class=\"elementor-element elementor-element-0280ee2 elementor-widget elementor-widget-heading\" data-id=\"0280ee2\" data-element_type=\"widget\" data-widget_type=\"heading.default\">\n\t\t\t\t<div class=\"elementor-widget-container\">\n\t\t\t\t\t<h2 class=\"elementor-heading-title elementor-size-default\">Escursione e Servizio di Trasporto\n<\/h2>\t\t\t\t<\/div>\n\t\t\t\t<\/div>\n\t\t\t\t<div class=\"elementor-element elementor-element-1bd1b1a elementor-widget elementor-widget-text-editor\" data-id=\"1bd1b1a\" data-element_type=\"widget\" data-widget_type=\"text-editor.default\">\n\t\t\t\t<div class=\"elementor-widget-container\">\n\t\t\t\t\t\t\t\t\t<h5 data-start=\"226\" data-end=\"286\">Vivi la Sicilia con un&#8217;esperienza unica e personalizzata:<\/h5><p class=\"\" data-start=\"288\" data-end=\"569\">Immagina di essere in <strong data-start=\"310\" data-end=\"321\">Sicilia<\/strong>, immerso in <strong data-start=\"334\" data-end=\"357\">paesaggi mozzafiato<\/strong>, tra <strong data-start=\"363\" data-end=\"384\">storia millenaria<\/strong>, <strong data-start=\"386\" data-end=\"410\">cultura affascinante<\/strong> e natura incontaminata. Con le nostre <strong data-start=\"449\" data-end=\"478\">escursioni personalizzate<\/strong>, puoi scegliere l\u2019esperienza che pi\u00f9 ti emoziona&#8230; e noi ci occuperemo di tutto il resto.<\/p><h5 data-start=\"571\" data-end=\"605\">Servizio di trasporto incluso<\/h5><p class=\"\" data-start=\"607\" data-end=\"825\">Dimentica lo stress della guida! Ti veniamo a prendere <strong data-start=\"662\" data-end=\"691\">direttamente in aeroporto<\/strong> e ti accompagniamo comodamente all\u2019<strong data-start=\"727\" data-end=\"741\">escursione<\/strong> che hai scelto. Un servizio pensato per farti vivere la <strong data-start=\"798\" data-end=\"824\">Sicilia senza pensieri<\/strong>.<\/p><hr class=\"\" data-start=\"827\" data-end=\"830\" \/><h5 data-start=\"832\" data-end=\"866\">Cosa include la nostra offerta<\/h5><ul data-start=\"868\" data-end=\"1581\"><li class=\"\" data-start=\"868\" data-end=\"996\"><p class=\"\" data-start=\"870\" data-end=\"996\"><strong data-start=\"870\" data-end=\"887\">Pernottamento<\/strong> nella tipologia di camera che preferisci, per garantirti il massimo del comfort e una <strong data-start=\"974\" data-end=\"995\">vacanza su misura<\/strong>.<\/p><\/li><li class=\"\" data-start=\"997\" data-end=\"1581\"><p class=\"\" data-start=\"999\" data-end=\"1108\"><strong data-start=\"999\" data-end=\"1025\">Escursione giornaliera<\/strong> con <strong data-start=\"1030\" data-end=\"1051\">trasporto incluso<\/strong>, scegli tra tre <strong data-start=\"1068\" data-end=\"1107\">destinazioni imperdibili in Sicilia<\/strong>:<\/p><p class=\"\" data-start=\"1112\" data-end=\"1581\"><strong data-start=\"1114\" data-end=\"1127\">Etna Tour<\/strong> \u2013 Un&#8217;intera giornata alla scoperta del <strong data-start=\"1167\" data-end=\"1199\">maestoso vulcano attivo Etna<\/strong>: tra colate laviche, crateri e viste spettacolari.<br data-start=\"1250\" data-end=\"1253\" \/><strong data-start=\"1257\" data-end=\"1269\">Siracusa<\/strong> \u2013 Passeggia tra le rovine del <strong data-start=\"1300\" data-end=\"1316\">teatro greco<\/strong>, l\u2019<strong data-start=\"1320\" data-end=\"1340\">isola di Ortigia<\/strong> e altri tesori storici. Una full immersion nella <strong data-start=\"1390\" data-end=\"1411\">cultura siciliana<\/strong>.<br data-start=\"1412\" data-end=\"1415\" \/><strong data-start=\"1419\" data-end=\"1431\">Taormina<\/strong> \u2013 Lasciati incantare da uno dei luoghi pi\u00f9 suggestivi dell\u2019isola, con il celebre <strong data-start=\"1513\" data-end=\"1530\">teatro antico<\/strong>, <strong data-start=\"1532\" data-end=\"1557\">vista mare mozzafiato<\/strong> e <strong data-start=\"1560\" data-end=\"1580\">arte senza tempo<\/strong>.<\/p><\/li><\/ul><hr class=\"\" data-start=\"1583\" data-end=\"1586\" \/><h5 data-start=\"1588\" data-end=\"1627\">Contattaci ora per tutti i dettagli<\/h5><p class=\"\" data-start=\"1629\" data-end=\"1752\">Rilassati e goditi il meglio della <strong data-start=\"1664\" data-end=\"1685\">Sicilia autentica<\/strong>: noi penseremo a tutto, tu dovrai solo scegliere la tua avventura.<\/p>\t\t\t\t\t\t\t\t<\/div>\n\t\t\t\t<\/div>\n\t\t\t\t<\/div>\n\t\t\t\t\t<\/div>\n\t\t\t\t<\/div>\n\t\t\t\t<\/div>\n\t\t","protected":false},"excerpt":{"rendered":"<p>Offerte Soggiorno Business: Comfort e Servizi Premium Sei in viaggio per lavoro e cerchi il soggiorno ideale che unisca efficienza, relax e servizi di alta qualit\u00e0?La nostra offerta business \u00e8 pensata su misura per i professionisti come te, che desiderano il massimo della comodit\u00e0 anche lontano da casa. Cosa include il pacchetto Business: Pernottamento personalizzato [&hellip;]<\/p>\n","protected":false},"author":1,"featured_media":0,"parent":0,"menu_order":0,"comment_status":"closed","ping_status":"closed","template":"template-page-wide.php","meta":{"inline_featured_image":false,"footnotes":""},"class_list":["post-1281","page","type-page","status-publish","hentry"],"_links":{"self":[{"href":"https:\/\/lnstays.com\/index.php?rest_route=\/wp\/v2\/pages\/1281","targetHints":{"allow":["GET"]}}],"collection":[{"href":"https:\/\/lnstays.com\/index.php?rest_route=\/wp\/v2\/pages"}],"about":[{"href":"https:\/\/lnstays.com\/index.php?rest_route=\/wp\/v2\/types\/page"}],"author":[{"embeddable":true,"href":"https:\/\/lnstays.com\/index.php?rest_route=\/wp\/v2\/users\/1"}],"replies":[{"embeddable":true,"href":"https:\/\/lnstays.com\/index.php?rest_route=%2Fwp%2Fv2%2Fcomments&post=1281"}],"version-history":[{"count":34,"href":"https:\/\/lnstays.com\/index.php?rest_route=\/wp\/v2\/pages\/1281\/revisions"}],"predecessor-version":[{"id":1613,"href":"https:\/\/lnstays.com\/index.php?rest_route=\/wp\/v2\/pages\/1281\/revisions\/1613"}],"wp:attachment":[{"href":"https:\/\/lnstays.com\/index.php?rest_route=%2Fwp%2Fv2%2Fmedia&parent=1281"}],"curies":[{"name":"wp","href":"https:\/\/api.w.org\/{rel}","templated":true}]}}