{"id":562,"date":"2025-03-23T19:48:23","date_gmt":"2025-03-23T18:48:23","guid":{"rendered":"https:\/\/lnstays.com?page_id=562"},"modified":"2025-04-18T00:36:08","modified_gmt":"2025-04-17T22:36:08","slug":"ln-5-gate-casa-vacanze-nel-cuore-pulsante-di-catania","status":"publish","type":"page","link":"https:\/\/lnstays.com\/?page_id=562","title":{"rendered":"LN 5 Gate &#8211; Casa Vacanze"},"content":{"rendered":"\t\t<div data-elementor-type=\"wp-page\" data-elementor-id=\"562\" class=\"elementor elementor-562\">\n\t\t\t\t<div class=\"elementor-element elementor-element-42cdca2 e-flex e-con-boxed e-con e-parent\" data-id=\"42cdca2\" data-element_type=\"container\">\n\t\t\t\t\t<div class=\"e-con-inner\">\n\t\t\t\t<div class=\"elementor-element elementor-element-41aa596 elementor-widget elementor-widget-heading\" data-id=\"41aa596\" data-element_type=\"widget\" data-widget_type=\"heading.default\">\n\t\t\t\t<div class=\"elementor-widget-container\">\n\t\t\t\t\t<h2 class=\"elementor-heading-title elementor-size-default\">LN 5 Gate<\/h2>\t\t\t\t<\/div>\n\t\t\t\t<\/div>\n\t\t\t\t<div class=\"elementor-element elementor-element-2ea07ae elementor-widget elementor-widget-image\" data-id=\"2ea07ae\" data-element_type=\"widget\" data-widget_type=\"image.default\">\n\t\t\t\t<div class=\"elementor-widget-container\">\n\t\t\t\t\t\t\t\t\t\t\t\t\t\t\t<img decoding=\"async\" width=\"150\" height=\"150\" src=\"https:\/\/lnstays.com\/wp-content\/uploads\/2025\/04\/644534355-150x150.jpg\" class=\"attachment-thumbnail size-thumbnail wp-image-912\" alt=\"\" srcset=\"https:\/\/lnstays.com\/wp-content\/uploads\/2025\/04\/644534355-150x150.jpg 150w, https:\/\/lnstays.com\/wp-content\/uploads\/2025\/04\/644534355-300x300.jpg 300w, https:\/\/lnstays.com\/wp-content\/uploads\/2025\/04\/644534355.jpg 768w\" sizes=\"(max-width: 150px) 100vw, 150px\" \/>\t\t\t\t\t\t\t\t\t\t\t\t\t\t\t<\/div>\n\t\t\t\t<\/div>\n\t\t\t\t<div class=\"elementor-element elementor-element-cfe3b3d elementor-widget elementor-widget-text-editor\" data-id=\"cfe3b3d\" data-element_type=\"widget\" data-widget_type=\"text-editor.default\">\n\t\t\t\t<div class=\"elementor-widget-container\">\n\t\t\t\t\t\t\t\t\t<p>Benvenuti in questa splendida <strong>casa vacanza<\/strong> nel cuore pulsante di <strong>Catania<\/strong>! Non appena varchi la soglia della camera ti accoglie un\u2019atmosfera <strong>fresca e moderna<\/strong>. Ogni spazio \u00e8 arredato con mobili di design e tonalit\u00e0 neutre, creando un <strong>ambiente rilassante<\/strong> ed <strong>elegante<\/strong>. I letti matrimoniali con materassi di alta qualit\u00e0 sono stati scelti con grande attenzione per garantire un riposo davvero eccellente. Le camere di LN 5 Gate sono pensate per chi ama <strong>viaggiare<\/strong>, offrendo un rifugio ideale dove puoi goderti il massimo del <strong>comfort<\/strong>, dopo una lunga giornata trascorsa a esplorare il territorio. Ogni spazio \u00e8 progettato per favorire il <strong>relax<\/strong>, creando un&#8217;atmosfera serena che ti invita a distenderti e ricaricarti. Dopo una giornata di lavoro, puoi immergerti nel calore dell&#8217;ambiente, riposare su letti accoglienti e approfittare di tutti i comfort a disposizione, come il <strong>minibar<\/strong>, la <strong>macchina del caff\u00e8<\/strong> e il <strong>bollitore<\/strong> per concederti una pausa rigenerante.<\/p>\t\t\t\t\t\t\t\t<\/div>\n\t\t\t\t<\/div>\n\t\t\t\t<div class=\"elementor-element elementor-element-5d9718a elementor-invisible elementor-widget elementor-widget-html\" data-id=\"5d9718a\" data-element_type=\"widget\" data-settings=\"{&quot;_animation&quot;:&quot;fadeInUp&quot;}\" data-widget_type=\"html.default\">\n\t\t\t\t<div class=\"elementor-widget-container\">\n\t\t\t\t\t<style>\n\t\tbutton {\n\t\t\tcolor: #ffffff;\n\t\t\tbackground-color: #5b0000;\n\t\t\tfont-size: 19px;\n\t\t\tborder: 1px solid #5b0000;\n\t\t\tborder-radius: 16px;\n\t\t\tpadding: 15px 50px;\n\t\t\tcursor: pointer\n\t\t}\n\t\tbutton:hover {\n\t\t\tcolor: #5b0000;\n\t\t\tbackground-color: #ffffff;\n\t\t}\n\t<\/style>\n\t\n\t<button type=\"button\" name=\"myButton\" onclick=\"location.href='https:\/\/lnstays.com\/?page_id=534'\">LE CAMERE<\/button>\t\t\t\t<\/div>\n\t\t\t\t<\/div>\n\t\t\t\t\t<\/div>\n\t\t\t\t<\/div>\n\t\t\t\t<\/div>\n\t\t","protected":false},"excerpt":{"rendered":"<p>LN 5 Gate Benvenuti in questa splendida casa vacanza nel cuore pulsante di Catania! Non appena varchi la soglia della camera ti accoglie un\u2019atmosfera fresca e moderna. Ogni spazio \u00e8 arredato con mobili di design e tonalit\u00e0 neutre, creando un ambiente rilassante ed elegante. I letti matrimoniali con materassi di alta qualit\u00e0 sono stati scelti [&hellip;]<\/p>\n","protected":false},"author":1,"featured_media":0,"parent":0,"menu_order":0,"comment_status":"closed","ping_status":"closed","template":"template-page-wide-canvas.php","meta":{"inline_featured_image":false,"footnotes":""},"class_list":["post-562","page","type-page","status-publish","hentry"],"_links":{"self":[{"href":"https:\/\/lnstays.com\/index.php?rest_route=\/wp\/v2\/pages\/562","targetHints":{"allow":["GET"]}}],"collection":[{"href":"https:\/\/lnstays.com\/index.php?rest_route=\/wp\/v2\/pages"}],"about":[{"href":"https:\/\/lnstays.com\/index.php?rest_route=\/wp\/v2\/types\/page"}],"author":[{"embeddable":true,"href":"https:\/\/lnstays.com\/index.php?rest_route=\/wp\/v2\/users\/1"}],"replies":[{"embeddable":true,"href":"https:\/\/lnstays.com\/index.php?rest_route=%2Fwp%2Fv2%2Fcomments&post=562"}],"version-history":[{"count":35,"href":"https:\/\/lnstays.com\/index.php?rest_route=\/wp\/v2\/pages\/562\/revisions"}],"predecessor-version":[{"id":1662,"href":"https:\/\/lnstays.com\/index.php?rest_route=\/wp\/v2\/pages\/562\/revisions\/1662"}],"wp:attachment":[{"href":"https:\/\/lnstays.com\/index.php?rest_route=%2Fwp%2Fv2%2Fmedia&parent=562"}],"curies":[{"name":"wp","href":"https:\/\/api.w.org\/{rel}","templated":true}]}}